{"id":507,"date":"2019-07-02T10:43:29","date_gmt":"2019-07-02T08:43:29","guid":{"rendered":"https:\/\/elmoroccoclub.ma\/?page_id=507"},"modified":"2019-07-12T07:54:44","modified_gmt":"2019-07-12T05:54:44","slug":"notas-legales","status":"publish","type":"page","link":"https:\/\/elmoroccoclub.ma\/es\/notas-legales\/","title":{"rendered":"Notas legales"},"content":{"rendered":"<p>Le pr\u00e9sent site internet accessible \u00e0 l\u2019adresse https:\/\/elmoroccoclub.ma (ci-apr\u00e8s d\u00e9sign\u00e9 le \u00ab Site \u00bb) est \u00e9dit\u00e9 par la soci\u00e9t\u00e9 El Morocco Club.<\/p>\n<p>Identification :<br \/>\nAdresse : Place du Tabor &#8211; Kasbah 90000 Tanger &#8211; Maroc<br \/>\nForme juridique : Soci\u00e9t\u00e9 \u00e0 Responsabilit\u00e9 Limit\u00e9e \u00e0 Associ\u00e9 Unique \/ Capital : 1 600 000 DHS<br \/>\nT\u00e9l\u00e9phone : +212 (0) 5 39 94 81 39<br \/>\nEmail de contact : contact@elmoroccoclub.ma<br \/>\nDirectrice de la publication : Vincent Copp\u00e9e<\/p>\n<p>H\u00e9bergement :\u2028<br \/>\nLe Site est h\u00e9berg\u00e9 par :\u2028 1&#038;1 Internet SARL \u2013 7, place de la Gare \u2013 BP 70109 \u2013 57201 Sarreguemines Cedex\u2028SARL au capital de 100 000 \u20ac<br \/>\nRCS Sarreguemines B 431 303 775<br \/>\nSite : https:\/\/www.1and1.fr<br \/>\nT\u00e9l. 0970 808 911 (appel non surtax\u00e9)<\/p>\n","protected":false},"excerpt":{"rendered":"<p>Le pr\u00e9sent site internet accessible \u00e0 l\u2019adresse https:\/\/elmoroccoclub.ma (ci-apr\u00e8s d\u00e9sign\u00e9 le \u00ab Site \u00bb) est \u00e9dit\u00e9 par la soci\u00e9t\u00e9 El Morocco Club. Identification : Adresse : Place du Tabor &#8211; Kasbah 90000 Tanger &#8211; Maroc Forme juridique : Soci\u00e9t\u00e9 \u00e0 Responsabilit\u00e9 Limit\u00e9e \u00e0 Associ\u00e9 Unique \/ Capital : 1 600 000 DHS T\u00e9l\u00e9phone : +212 [&hellip;]<\/p>\n","protected":false},"author":7,"featured_media":121,"parent":0,"menu_order":2,"comment_status":"closed","ping_status":"closed","template":"","meta":{"_acf_changed":false,"_monsterinsights_skip_tracking":false,"_monsterinsights_sitenote_active":false,"_monsterinsights_sitenote_note":"","_monsterinsights_sitenote_category":0,"footnotes":""},"class_list":["post-507","page","type-page","status-publish","has-post-thumbnail","hentry"],"acf":[],"_links":{"self":[{"href":"https:\/\/elmoroccoclub.ma\/es\/wp-json\/wp\/v2\/pages\/507","targetHints":{"allow":["GET"]}}],"collection":[{"href":"https:\/\/elmoroccoclub.ma\/es\/wp-json\/wp\/v2\/pages"}],"about":[{"href":"https:\/\/elmoroccoclub.ma\/es\/wp-json\/wp\/v2\/types\/page"}],"author":[{"embeddable":true,"href":"https:\/\/elmoroccoclub.ma\/es\/wp-json\/wp\/v2\/users\/7"}],"replies":[{"embeddable":true,"href":"https:\/\/elmoroccoclub.ma\/es\/wp-json\/wp\/v2\/comments?post=507"}],"version-history":[{"count":3,"href":"https:\/\/elmoroccoclub.ma\/es\/wp-json\/wp\/v2\/pages\/507\/revisions"}],"predecessor-version":[{"id":525,"href":"https:\/\/elmoroccoclub.ma\/es\/wp-json\/wp\/v2\/pages\/507\/revisions\/525"}],"wp:featuredmedia":[{"embeddable":true,"href":"https:\/\/elmoroccoclub.ma\/es\/wp-json\/wp\/v2\/media\/121"}],"wp:attachment":[{"href":"https:\/\/elmoroccoclub.ma\/es\/wp-json\/wp\/v2\/media?parent=507"}],"curies":[{"name":"wp","href":"https:\/\/api.w.org\/{rel}","templated":true}]}}