{"id":144,"date":"2019-01-28T17:11:09","date_gmt":"2019-01-28T16:11:09","guid":{"rendered":"https:\/\/elmoroccoclub.ma\/?page_id=144"},"modified":"2022-12-27T16:54:23","modified_gmt":"2022-12-27T15:54:23","slug":"the-piano-bar","status":"publish","type":"page","link":"https:\/\/elmoroccoclub.ma\/es\/the-piano-bar\/","title":{"rendered":"El Piano Bar"},"content":{"rendered":"<p>El Piano Bar, parte integral del viaje \u00abMorocco Club\u00bb, lo invita a vivir una experiencia \u00fanica, tanto culinaria como humana.<\/p>\n<p>Abierto solo por la noche, desde las 7:30 pm, el piano bar El Morocco Club es el lugar m\u00e1s inspirado de T\u00e1nger.<\/p>\n<p>Descubrimos artistas talentosos, disfrutamos deliciosos c\u00f3cteles y tapas, conocemos a personalidades de T\u00e1nger o de otros lugares, todo en un ambiente acogedor y agradable. Para amenizar las noches de este \u00edntimo lugar, el Piano Bar recibe a cantantes, m\u00fasicos y DJ de renombre, hay algo para todos y hay muchas sorpresas por descubrir &#8230;<\/p>\n","protected":false},"excerpt":{"rendered":"<p>El Piano Bar, parte integral del viaje \u00abMorocco Club\u00bb, lo invita a vivir una experiencia \u00fanica, tanto culinaria como humana. Abierto solo por la noche, desde las 7:30 pm, el piano bar El Morocco Club es el lugar m\u00e1s inspirado de T\u00e1nger. Descubrimos artistas talentosos, disfrutamos deliciosos c\u00f3cteles y tapas, conocemos a personalidades de T\u00e1nger [&hellip;]<\/p>\n","protected":false},"author":7,"featured_media":286,"parent":0,"menu_order":21,"comment_status":"closed","ping_status":"closed","template":"","meta":{"_acf_changed":false,"_monsterinsights_skip_tracking":false,"_monsterinsights_sitenote_active":false,"_monsterinsights_sitenote_note":"","_monsterinsights_sitenote_category":0,"footnotes":""},"class_list":["post-144","page","type-page","status-publish","has-post-thumbnail","hentry"],"acf":[],"_links":{"self":[{"href":"https:\/\/elmoroccoclub.ma\/es\/wp-json\/wp\/v2\/pages\/144","targetHints":{"allow":["GET"]}}],"collection":[{"href":"https:\/\/elmoroccoclub.ma\/es\/wp-json\/wp\/v2\/pages"}],"about":[{"href":"https:\/\/elmoroccoclub.ma\/es\/wp-json\/wp\/v2\/types\/page"}],"author":[{"embeddable":true,"href":"https:\/\/elmoroccoclub.ma\/es\/wp-json\/wp\/v2\/users\/7"}],"replies":[{"embeddable":true,"href":"https:\/\/elmoroccoclub.ma\/es\/wp-json\/wp\/v2\/comments?post=144"}],"version-history":[{"count":6,"href":"https:\/\/elmoroccoclub.ma\/es\/wp-json\/wp\/v2\/pages\/144\/revisions"}],"predecessor-version":[{"id":631,"href":"https:\/\/elmoroccoclub.ma\/es\/wp-json\/wp\/v2\/pages\/144\/revisions\/631"}],"wp:featuredmedia":[{"embeddable":true,"href":"https:\/\/elmoroccoclub.ma\/es\/wp-json\/wp\/v2\/media\/286"}],"wp:attachment":[{"href":"https:\/\/elmoroccoclub.ma\/es\/wp-json\/wp\/v2\/media?parent=144"}],"curies":[{"name":"wp","href":"https:\/\/api.w.org\/{rel}","templated":true}]}}