{"id":119,"date":"2019-01-22T14:06:52","date_gmt":"2019-01-22T13:06:52","guid":{"rendered":"https:\/\/elmoroccoclub.ma\/?page_id=119"},"modified":"2022-12-27T17:21:16","modified_gmt":"2022-12-27T16:21:16","slug":"restaurant","status":"publish","type":"page","link":"https:\/\/elmoroccoclub.ma\/es\/restaurant\/","title":{"rendered":"Restaurante"},"content":{"rendered":"<p>El Morocco Club retoma los cl\u00e1sicos de la gastronom\u00eda marroqu\u00ed a\u00f1adiendo un toque de innovaci\u00f3n a las recetas tradicionales.<\/p>\n<p>A la carta, <em>foie gras caliente en Razat El Khadi<\/em> (cabello de \u00e1ngel tradicional) y su <em>mermelada de tomate con aroma a rosas<\/em>, <em>filete de cordero confitado<\/em>, presentado en un <em>lecho de cusc\u00fas hecho de cebada<\/em>, <em>acompa\u00f1ado de zanahorias y fechas confitadas<\/em>, o <em>cr\u00e8me br\u00fbl\u00e9e con pistilo de azafr\u00e1n<\/em>, <em>pastilla<\/em> (pasteler\u00eda oriental) <em>con frutas de temporada y azahar<\/em>.<\/p>\n<p>Inspirado por la naturaleza y la rica variedad de productos del suelo marroqu\u00ed, el chef inscribe sus recetas en un proceso creativo inusual para ofrecerle un viaje gastron\u00f3mico excepcional.<\/p>\n","protected":false},"excerpt":{"rendered":"<p>El Morocco Club retoma los cl\u00e1sicos de la gastronom\u00eda marroqu\u00ed a\u00f1adiendo un toque de innovaci\u00f3n a las recetas tradicionales. A la carta, foie gras caliente en Razat El Khadi (cabello de \u00e1ngel tradicional) y su mermelada de tomate con aroma a rosas, filete de cordero confitado, presentado en un lecho de cusc\u00fas hecho de cebada, [&hellip;]<\/p>\n","protected":false},"author":7,"featured_media":0,"parent":0,"menu_order":25,"comment_status":"closed","ping_status":"closed","template":"template-page-reverse.php","meta":{"_acf_changed":false,"_monsterinsights_skip_tracking":false,"_monsterinsights_sitenote_active":false,"_monsterinsights_sitenote_note":"","_monsterinsights_sitenote_category":0,"footnotes":""},"class_list":["post-119","page","type-page","status-publish","hentry"],"acf":[],"_links":{"self":[{"href":"https:\/\/elmoroccoclub.ma\/es\/wp-json\/wp\/v2\/pages\/119","targetHints":{"allow":["GET"]}}],"collection":[{"href":"https:\/\/elmoroccoclub.ma\/es\/wp-json\/wp\/v2\/pages"}],"about":[{"href":"https:\/\/elmoroccoclub.ma\/es\/wp-json\/wp\/v2\/types\/page"}],"author":[{"embeddable":true,"href":"https:\/\/elmoroccoclub.ma\/es\/wp-json\/wp\/v2\/users\/7"}],"replies":[{"embeddable":true,"href":"https:\/\/elmoroccoclub.ma\/es\/wp-json\/wp\/v2\/comments?post=119"}],"version-history":[{"count":15,"href":"https:\/\/elmoroccoclub.ma\/es\/wp-json\/wp\/v2\/pages\/119\/revisions"}],"predecessor-version":[{"id":648,"href":"https:\/\/elmoroccoclub.ma\/es\/wp-json\/wp\/v2\/pages\/119\/revisions\/648"}],"wp:attachment":[{"href":"https:\/\/elmoroccoclub.ma\/es\/wp-json\/wp\/v2\/media?parent=119"}],"curies":[{"name":"wp","href":"https:\/\/api.w.org\/{rel}","templated":true}]}}