{"id":117,"date":"2019-01-24T16:52:27","date_gmt":"2019-01-24T15:52:27","guid":{"rendered":"https:\/\/elmoroccoclub.ma\/?page_id=117"},"modified":"2022-12-27T17:20:24","modified_gmt":"2022-12-27T16:20:24","slug":"restaurant","status":"publish","type":"page","link":"https:\/\/elmoroccoclub.ma\/en\/restaurant\/","title":{"rendered":"Restaurant"},"content":{"rendered":"<p>The Morocco Club revisits the classics of Moroccan gastronomy by adding a touch of innovation to traditional recipes.<\/p>\n<p>\u00c0 la carte, <em>warm foie gras on Razat El Khadi<\/em> (traditional angel hair pastry) and its <em>rose-flavored tomato jam, Fillet of lamb confit<\/em>, presented on <em>a bed of barley couscous with carrots and candied dates<\/em>, or <em>saffron cr\u00e8me br\u00fbl\u00e9e<\/em>, <em>Pastilla<\/em> (oriental pastry) <em>with seasonal fruits and orange blossom<\/em> \u2026<\/p>\n<p>Inspired by nature and the rich variety of products of the Moroccan soil, the Chef inscribes his recipes in an unusual creative process to offer you an exceptional gastronomic voyage.<\/p>\n","protected":false},"excerpt":{"rendered":"<p>The Morocco Club revisits the classics of Moroccan gastronomy by adding a touch of innovation to traditional recipes. \u00c0 la carte, warm foie gras on Razat El Khadi (traditional angel hair pastry) and its rose-flavored tomato jam, Fillet of lamb confit, presented on a bed of barley couscous with carrots and candied dates, or saffron [&hellip;]<\/p>\n","protected":false},"author":7,"featured_media":0,"parent":0,"menu_order":24,"comment_status":"closed","ping_status":"closed","template":"template-page-reverse.php","meta":{"_acf_changed":false,"_monsterinsights_skip_tracking":false,"_monsterinsights_sitenote_active":false,"_monsterinsights_sitenote_note":"","_monsterinsights_sitenote_category":0,"footnotes":""},"class_list":["post-117","page","type-page","status-publish","hentry"],"acf":[],"_links":{"self":[{"href":"https:\/\/elmoroccoclub.ma\/en\/wp-json\/wp\/v2\/pages\/117","targetHints":{"allow":["GET"]}}],"collection":[{"href":"https:\/\/elmoroccoclub.ma\/en\/wp-json\/wp\/v2\/pages"}],"about":[{"href":"https:\/\/elmoroccoclub.ma\/en\/wp-json\/wp\/v2\/types\/page"}],"author":[{"embeddable":true,"href":"https:\/\/elmoroccoclub.ma\/en\/wp-json\/wp\/v2\/users\/7"}],"replies":[{"embeddable":true,"href":"https:\/\/elmoroccoclub.ma\/en\/wp-json\/wp\/v2\/comments?post=117"}],"version-history":[{"count":23,"href":"https:\/\/elmoroccoclub.ma\/en\/wp-json\/wp\/v2\/pages\/117\/revisions"}],"predecessor-version":[{"id":647,"href":"https:\/\/elmoroccoclub.ma\/en\/wp-json\/wp\/v2\/pages\/117\/revisions\/647"}],"wp:attachment":[{"href":"https:\/\/elmoroccoclub.ma\/en\/wp-json\/wp\/v2\/media?parent=117"}],"curies":[{"name":"wp","href":"https:\/\/api.w.org\/{rel}","templated":true}]}}